{"id":13,"date":"2018-07-19T14:21:15","date_gmt":"2018-07-19T14:21:15","guid":{"rendered":"https:\/\/kleiner-elektro.de\/?page_id=13"},"modified":"2018-07-19T14:21:15","modified_gmt":"2018-07-19T14:21:15","slug":"referenzen","status":"publish","type":"page","link":"https:\/\/kleiner-elektro.de\/?page_id=13","title":{"rendered":"Referenzen"},"content":{"rendered":"<h2>1. Weichenheizungsanlagen<\/h2>\n<ul type=\"square\">\n<li>Fa. ESA Grimma:\n<ul>\n<li>S-Bahnhof Berlin-Wannsee, Bf. B\u00f6blingen, ESTW K\u00fcstrin Kietz,<br \/>\nESTW Grevenbroich, ESTW Warburg, Bf. Oberlahnstein<\/li>\n<\/ul>\n<\/li>\n<\/ul>\n<ul type=\"square\">\n<li>Fa. DB Bahnbau:\n<ul>\n<li>baubegleitende Umbauten in NRW seit 2006<\/li>\n<\/ul>\n<\/li>\n<\/ul>\n<ul type=\"square\">\n<li>Fa. Schreck-Mieves:\n<ul>\n<li>Chemiewerk Piesteritz<\/li>\n<\/ul>\n<\/li>\n<\/ul>\n<ul type=\"square\">\n<li>Fa. STRABAG:\n<ul>\n<li>Stra\u00dfenbahn Darmstadt (Verl\u00e4ngerung Alsbach-H\u00e4hnlein)<\/li>\n<\/ul>\n<\/li>\n<\/ul>\n<h2>2. Bahnerdungsanlagen<\/h2>\n<ul type=\"square\">\n<li>Fa. DB Bahnbau:\n<ul>\n<li>Titisee-Neustadt &#8211; B\u00e4renthal, Koblenz &#8211; Trier<\/li>\n<\/ul>\n<\/li>\n<\/ul>\n<ul type=\"square\">\n<li>Fa. Perzl:\n<ul>\n<li>diverse Erdungen in Baden-W\u00fcrttemberg<\/li>\n<\/ul>\n<\/li>\n<\/ul>\n<h2>3. Bahnsteig- und Gleisfeldbeleuchtung<\/h2>\n<ul type=\"square\">\n<li>Fa. ESA Grimma:\n<ul>\n<li>Bf. Heilbronn (\u00fcber 100 Lichtpunkte), Abstellanlage Heidelberg,<br \/>\nHp. Dollnstein, Bf. Lauenbr\u00fcck<\/li>\n<\/ul>\n<\/li>\n<\/ul>\n<ul type=\"square\">\n<li>Fa. STRABAG:\n<ul>\n<li>Stra\u00dfenbahn Darmstadt (Verl\u00e4ngerung Alsbach-H\u00e4hnlein)<\/li>\n<\/ul>\n<\/li>\n<\/ul>\n<h2>4. Energieeinspeisungsanlagen<\/h2>\n<ul type=\"square\">\n<li>Fa. DB Bahnbau:\n<ul>\n<li>GSM-R Einspeisung ca. 250 Anlagen (z.B. Mannheim-Stuttgart, Cham-Schwandorf, Ulm-Sigmaringen, Schwarzwaldbahn)<\/li>\n<\/ul>\n<\/li>\n<\/ul>\n<ul type=\"square\">\n<li>Fa. Leonhard Weiss:\n<ul>\n<li>HOA Heissl\u00e4uferortungsanlagen (Rot-Malsch,&#8230;)<\/li>\n<\/ul>\n<\/li>\n<\/ul>\n<ul type=\"square\">\n<li>Fa. GA-com:\n<ul>\n<li>HOA Heissl\u00e4uferortungsanlagen (Oederan, Brachelen, Lahnstein,&#8230;)<\/li>\n<\/ul>\n<\/li>\n<\/ul>\n<ul type=\"square\">\n<li>Fa. KSG-Bau:\n<ul>\n<li>Einspeisung Bahn\u00fcbergangsanlage (Dillst\u00e4dt,&#8230;)<\/li>\n<\/ul>\n<\/li>\n<\/ul>\n<h2>5. Kabelanlagen bis 20KV<\/h2>\n<ul type=\"square\">\n<li>Fa. ECPM:\n<ul>\n<li>10KV-Kabelanlage zur Einspeisung der Motoren im K\u00e4ltekraftwerk<br \/>\nFlughafen Frankfurt \/Main<\/li>\n<\/ul>\n<\/li>\n<\/ul>\n<h2>6. Komplettinstallationen 50Hz<\/h2>\n<ul type=\"square\">\n<li>Fa. Leonhard Weiss:\n<ul>\n<li>Betonschalth\u00e4user HOA-Anlagen<\/li>\n<\/ul>\n<\/li>\n<\/ul>\n<ul type=\"square\">\n<li>Gemeinde R\u00f6derland:\n<ul>\n<li>Feuerwehrgeb\u00e4ude Stolzenhain<\/li>\n<\/ul>\n<\/li>\n<\/ul>\n","protected":false},"excerpt":{"rendered":"<p>1. Weichenheizungsanlagen Fa. ESA Grimma: S-Bahnhof Berlin-Wannsee, Bf. B\u00f6blingen, ESTW K\u00fcstrin Kietz, ESTW Grevenbroich, ESTW Warburg, Bf. Oberlahnstein Fa. DB Bahnbau: baubegleitende Umbauten in NRW seit 2006 Fa. Schreck-Mieves: Chemiewerk Piesteritz Fa. STRABAG: Stra\u00dfenbahn Darmstadt (Verl\u00e4ngerung Alsbach-H\u00e4hnlein) 2. Bahnerdungsanlagen Fa. DB Bahnbau: Titisee-Neustadt &#8211; B\u00e4renthal, Koblenz &#8211; Trier Fa. Perzl: diverse Erdungen in Baden-W\u00fcrttemberg 3. &#8230; <a title=\"Referenzen\" class=\"read-more\" href=\"https:\/\/kleiner-elektro.de\/?page_id=13\" aria-label=\"Mehr Informationen \u00fcber Referenzen\">Weiterlesen<\/a><\/p>\n","protected":false},"author":3,"featured_media":0,"parent":0,"menu_order":0,"comment_status":"closed","ping_status":"closed","template":"","meta":{"footnotes":""},"class_list":["post-13","page","type-page","status-publish"],"_links":{"self":[{"href":"https:\/\/kleiner-elektro.de\/index.php?rest_route=\/wp\/v2\/pages\/13","targetHints":{"allow":["GET"]}}],"collection":[{"href":"https:\/\/kleiner-elektro.de\/index.php?rest_route=\/wp\/v2\/pages"}],"about":[{"href":"https:\/\/kleiner-elektro.de\/index.php?rest_route=\/wp\/v2\/types\/page"}],"author":[{"embeddable":true,"href":"https:\/\/kleiner-elektro.de\/index.php?rest_route=\/wp\/v2\/users\/3"}],"replies":[{"embeddable":true,"href":"https:\/\/kleiner-elektro.de\/index.php?rest_route=%2Fwp%2Fv2%2Fcomments&post=13"}],"version-history":[{"count":1,"href":"https:\/\/kleiner-elektro.de\/index.php?rest_route=\/wp\/v2\/pages\/13\/revisions"}],"predecessor-version":[{"id":14,"href":"https:\/\/kleiner-elektro.de\/index.php?rest_route=\/wp\/v2\/pages\/13\/revisions\/14"}],"wp:attachment":[{"href":"https:\/\/kleiner-elektro.de\/index.php?rest_route=%2Fwp%2Fv2%2Fmedia&parent=13"}],"curies":[{"name":"wp","href":"https:\/\/api.w.org\/{rel}","templated":true}]}}