{"id":9,"date":"2018-07-19T14:20:31","date_gmt":"2018-07-19T14:20:31","guid":{"rendered":"https:\/\/kleiner-elektro.de\/?page_id=9"},"modified":"2018-07-19T14:20:31","modified_gmt":"2018-07-19T14:20:31","slug":"firmenportraet","status":"publish","type":"page","link":"https:\/\/kleiner-elektro.de\/","title":{"rendered":"Firmenportr\u00e4t"},"content":{"rendered":"<p>Wir sind ein Meisterbetrieb des Elektrohandwerkes mit acht Monteuren. Unser Firmensitz ist in Stolzenhain a.d. R\u00f6der im S\u00fcden Brandenburgs.<\/p>\n<p>Meine acht Mitarbeiter und ich haben eine langj\u00e4hrige Berufspraxis und sehr gute Erfahrungen bei der Kabelverlegung, Kabelverbindung und Kabelanschl\u00fcsse. Unser Spektrum umfasst alle g\u00e4ngigen Arbeiten im Starkstrombereich, der Steuerungstechnik und Bahnerdungsanlagen.<\/p>\n<p>Als Firmeninhaber kann ich auf meine Erfahrung im eisenbahntechnischen Betriebsablauf zur\u00fcckgreifen, da ich von 1989 bis 1993 bei der Deutschen Reichsbahn bzw. Deutschen Bundesbahn im Gleisoberbau t\u00e4tig war. Wir arbeiten deutschlandweit und haben uns spezialisiert auf Arbeiten an Bahnanlagen.<\/p>\n<p>Ich habe ein dynamisches Team mit engagierten Mitarbeitern.<\/p>\n","protected":false},"excerpt":{"rendered":"<p>Wir sind ein Meisterbetrieb des Elektrohandwerkes mit acht Monteuren. Unser Firmensitz ist in Stolzenhain a.d. R\u00f6der im S\u00fcden Brandenburgs. Meine acht Mitarbeiter und ich haben eine langj\u00e4hrige Berufspraxis und sehr gute Erfahrungen bei der Kabelverlegung, Kabelverbindung und Kabelanschl\u00fcsse. Unser Spektrum umfasst alle g\u00e4ngigen Arbeiten im Starkstrombereich, der Steuerungstechnik und Bahnerdungsanlagen. Als Firmeninhaber kann ich auf &#8230; <a title=\"Firmenportr\u00e4t\" class=\"read-more\" href=\"https:\/\/kleiner-elektro.de\/\" aria-label=\"Mehr Informationen \u00fcber Firmenportr\u00e4t\">Weiterlesen<\/a><\/p>\n","protected":false},"author":3,"featured_media":0,"parent":0,"menu_order":0,"comment_status":"closed","ping_status":"closed","template":"","meta":{"footnotes":""},"class_list":["post-9","page","type-page","status-publish"],"_links":{"self":[{"href":"https:\/\/kleiner-elektro.de\/index.php?rest_route=\/wp\/v2\/pages\/9","targetHints":{"allow":["GET"]}}],"collection":[{"href":"https:\/\/kleiner-elektro.de\/index.php?rest_route=\/wp\/v2\/pages"}],"about":[{"href":"https:\/\/kleiner-elektro.de\/index.php?rest_route=\/wp\/v2\/types\/page"}],"author":[{"embeddable":true,"href":"https:\/\/kleiner-elektro.de\/index.php?rest_route=\/wp\/v2\/users\/3"}],"replies":[{"embeddable":true,"href":"https:\/\/kleiner-elektro.de\/index.php?rest_route=%2Fwp%2Fv2%2Fcomments&post=9"}],"version-history":[{"count":1,"href":"https:\/\/kleiner-elektro.de\/index.php?rest_route=\/wp\/v2\/pages\/9\/revisions"}],"predecessor-version":[{"id":10,"href":"https:\/\/kleiner-elektro.de\/index.php?rest_route=\/wp\/v2\/pages\/9\/revisions\/10"}],"wp:attachment":[{"href":"https:\/\/kleiner-elektro.de\/index.php?rest_route=%2Fwp%2Fv2%2Fmedia&parent=9"}],"curies":[{"name":"wp","href":"https:\/\/api.w.org\/{rel}","templated":true}]}}